{"id":6,"date":"2026-02-27T17:05:20","date_gmt":"2026-02-27T17:05:20","guid":{"rendered":"https:\/\/medialab.ibict.br\/?page_id=6"},"modified":"2026-04-29T20:27:29","modified_gmt":"2026-04-29T20:27:29","slug":"medialab-ibict","status":"publish","type":"page","link":"https:\/\/medialab.ibict.br\/","title":{"rendered":"Medialab\/Ibict"},"content":{"rendered":"\n<div class=\"wp-block-group alignfull is-style-default has-global-padding is-layout-constrained wp-block-group-is-layout-constrained\" style=\"margin-top:0;margin-bottom:0;padding-top:var(--wp--preset--spacing--60);padding-bottom:var(--wp--preset--spacing--60)\">\n<div class=\"wp-block-columns alignwide is-layout-flex wp-container-core-columns-is-layout-643ced6b wp-block-columns-is-layout-flex\">\n<div class=\"wp-block-column is-layout-flow wp-block-column-is-layout-flow\" style=\"flex-basis:40%\">\n<figure class=\"wp-block-image size-full\"><img loading=\"lazy\" decoding=\"async\" width=\"2307\" height=\"601\" src=\"https:\/\/medialab.ibict.br\/wp-content\/uploads\/2026\/04\/Captura-de-tela-de-2026-04-29-17-25-11.png\" alt=\"\" class=\"wp-image-62\" srcset=\"https:\/\/medialab.ibict.br\/wp-content\/uploads\/2026\/04\/Captura-de-tela-de-2026-04-29-17-25-11.png 2307w, https:\/\/medialab.ibict.br\/wp-content\/uploads\/2026\/04\/Captura-de-tela-de-2026-04-29-17-25-11-300x78.png 300w, https:\/\/medialab.ibict.br\/wp-content\/uploads\/2026\/04\/Captura-de-tela-de-2026-04-29-17-25-11-1024x267.png 1024w, https:\/\/medialab.ibict.br\/wp-content\/uploads\/2026\/04\/Captura-de-tela-de-2026-04-29-17-25-11-768x200.png 768w, https:\/\/medialab.ibict.br\/wp-content\/uploads\/2026\/04\/Captura-de-tela-de-2026-04-29-17-25-11-1536x400.png 1536w, https:\/\/medialab.ibict.br\/wp-content\/uploads\/2026\/04\/Captura-de-tela-de-2026-04-29-17-25-11-2048x534.png 2048w\" sizes=\"auto, (max-width: 2307px) 100vw, 2307px\" \/><\/figure>\n<\/div>\n\n\n\n<div class=\"wp-block-column is-vertically-aligned-center is-layout-flow wp-container-core-column-is-layout-119bc444 wp-block-column-is-layout-flow\" style=\"flex-basis:60%\">\n<h2 class=\"wp-block-heading has-xx-large-font-size\">Laborat\u00f3rio de M\u00eddias para Divulga\u00e7\u00e3o Cient\u00edficas<\/h2>\n\n\n\n<p>Apoio ao Canal Ci\u00eancia na populariza\u00e7\u00e3o da ci\u00eancia<\/p>\n<\/div>\n<\/div>\n<\/div>\n\n\n\n<div class=\"wp-block-group alignfull is-style-section-5 has-global-padding is-layout-constrained wp-block-group-is-layout-constrained is-style-section-5--1\" style=\"margin-top:0;margin-bottom:0;padding-top:var(--wp--preset--spacing--50);padding-bottom:var(--wp--preset--spacing--50)\">\n<div class=\"wp-block-columns alignwide is-layout-flex wp-container-core-columns-is-layout-7ee84d44 wp-block-columns-is-layout-flex\">\n<div class=\"wp-block-column is-vertically-aligned-center is-layout-flow wp-block-column-is-layout-flow\" style=\"flex-basis:50%\">\n<h2 class=\"wp-block-heading\">Sobre o Medialab<\/h2>\n\n\n\n<p class=\"has-medium-font-size\">O Medialab\/Ibict faz parte do grupo de pesquisa &#8220;N\u00facleo de Estudos em Divulga\u00e7\u00e3o Cient\u00edfica do Canal Ci\u00eancia&#8221; e tem apoiado a pesquisa e desenvolvimento de processos e conte\u00fados para populariza\u00e7\u00e3o da ci\u00eancia com foco no uso de recursos multim\u00eddia, interatividade, usabilidade, acessibilidade e interoperabilidade.<\/p>\n\n\n\n<p class=\"has-medium-font-size\">Atuamos nas \u00e1reas de Design Editorial, Divulga\u00e7\u00e3o e populariza\u00e7\u00e3o da Ci\u00eancia e Tecnologia, Educa\u00e7\u00e3o a Dist\u00e2ncia, Acessibilidade, Pesquisa Aplicada em Jogos Digitais e Narrativas Interativas,<\/p>\n<\/div>\n\n\n\n<div class=\"wp-block-column is-vertically-aligned-center is-layout-flow wp-block-column-is-layout-flow\" style=\"flex-basis:50%\">\n<figure class=\"wp-block-image size-full\"><img loading=\"lazy\" decoding=\"async\" width=\"1536\" height=\"1024\" src=\"https:\/\/medialab.ibict.br\/wp-content\/uploads\/2026\/04\/5526799e-0d18-410e-8a8e-4237646eb11a-1.png\" alt=\"\" class=\"wp-image-64\" style=\"aspect-ratio:1;object-fit:cover\" srcset=\"https:\/\/medialab.ibict.br\/wp-content\/uploads\/2026\/04\/5526799e-0d18-410e-8a8e-4237646eb11a-1.png 1536w, https:\/\/medialab.ibict.br\/wp-content\/uploads\/2026\/04\/5526799e-0d18-410e-8a8e-4237646eb11a-1-300x200.png 300w, https:\/\/medialab.ibict.br\/wp-content\/uploads\/2026\/04\/5526799e-0d18-410e-8a8e-4237646eb11a-1-1024x683.png 1024w, https:\/\/medialab.ibict.br\/wp-content\/uploads\/2026\/04\/5526799e-0d18-410e-8a8e-4237646eb11a-1-768x512.png 768w\" sizes=\"auto, (max-width: 1536px) 100vw, 1536px\" \/><\/figure>\n<\/div>\n<\/div>\n<\/div>\n\n\n\n<div class=\"wp-block-group alignfull is-style-section-1 has-global-padding is-layout-constrained wp-block-group-is-layout-constrained is-style-section-1--2\" style=\"margin-top:0;margin-bottom:0;padding-top:var(--wp--preset--spacing--80);padding-bottom:var(--wp--preset--spacing--80)\">\n<h2 class=\"wp-block-heading has-text-align-center\">Projetos do Medialab<\/h2>\n\n\n\n<div style=\"height:var(--wp--preset--spacing--30)\" aria-hidden=\"true\" class=\"wp-block-spacer\"><\/div>\n\n\n\n<div class=\"wp-block-group alignwide is-content-justification-center is-layout-flex wp-container-core-group-is-layout-2c471116 wp-block-group-is-layout-flex\">\n<figure class=\"wp-block-image size-full\"><img loading=\"lazy\" decoding=\"async\" width=\"181\" height=\"197\" src=\"https:\/\/medialab.ibict.br\/wp-content\/uploads\/2026\/04\/Captura-de-tela-de-2026-04-29-17-27-04.png\" alt=\"\" class=\"wp-image-65\"\/><\/figure>\n\n\n\n<p class=\"has-text-align-center\"><a href=\"https:\/\/canalciencia.ibict.br\/ciencia-em-sintese\/\" target=\"_blank\" rel=\"noreferrer noopener\">Plataforma Ci\u00eancia <br>em S\u00edntese<\/a><\/p>\n\n\n\n<figure class=\"wp-block-image size-full\"><img loading=\"lazy\" decoding=\"async\" width=\"181\" height=\"197\" src=\"https:\/\/medialab.ibict.br\/wp-content\/uploads\/2026\/04\/Captura-de-tela-de-2026-04-29-17-26-53.png\" alt=\"\" class=\"wp-image-66\"\/><\/figure>\n\n\n\n<p><a href=\"https:\/\/canalciencia.ibict.br\/ciencioteca\/jogos\/\" target=\"_blank\" rel=\"noreferrer noopener\">Gamifica\u00e7\u00e3o da Divulga\u00e7\u00e3o <br>Cient\u00edfica no Canal Ci\u00eancia<\/a><\/p>\n<\/div>\n<\/div>\n\n\n\n<div class=\"wp-block-group alignfull has-global-padding is-layout-constrained wp-container-core-group-is-layout-ebee8dc1 wp-block-group-is-layout-constrained\" style=\"margin-top:0;margin-bottom:0;padding-top:var(--wp--preset--spacing--50);padding-bottom:var(--wp--preset--spacing--50)\">\n<div class=\"wp-block-group alignwide is-content-justification-space-between is-layout-flex wp-container-core-group-is-layout-9366075c wp-block-group-is-layout-flex\">\n<h2 class=\"wp-block-heading alignwide has-text-align-left is-style-text-subtitle has-x-large-font-size is-style-text-subtitle--3\">Explore nossa produ\u00e7\u00e3o<\/h2>\n<\/div>\n\n\n\n<div class=\"wp-block-group alignwide is-layout-grid wp-container-core-group-is-layout-1ce758a5 wp-block-group-is-layout-grid\">\n<div class=\"wp-block-cover is-light\" style=\"min-height:253px;aspect-ratio:unset;\"><span aria-hidden=\"true\" class=\"wp-block-cover__background has-background-dim\" style=\"background-color:#FFF\"><\/span><div class=\"wp-block-cover__inner-container is-layout-flow wp-block-cover-is-layout-flow\">\n<p class=\"has-text-align-center is-style-text-display has-large-font-size is-style-text-display--4\">Infogr\u00e1ficos<\/p>\n\n\n\n<figure class=\"wp-block-image size-large is-resized\"><a href=\"https:\/\/repositorio.canalciencia.ibict.br\/s\/repo-cc\/page\/infograficos\" target=\"_blank\" rel=\" noreferrer noopener\"><img decoding=\"async\" src=\"https:\/\/repositorio.canalciencia.ibict.br\/files\/square\/9cddce8621341d0d92d75b6f5436464309ecb86c.jpg\" alt=\"\" style=\"width:315px;height:auto\"\/><\/a><\/figure>\n<\/div><\/div>\n\n\n\n<div class=\"wp-block-cover is-light\"><span aria-hidden=\"true\" class=\"wp-block-cover__background has-background-dim\" style=\"background-color:#FFF\"><\/span><div class=\"wp-block-cover__inner-container is-layout-flow wp-block-cover-is-layout-flow\">\n<p class=\"has-text-align-center has-large-font-size\">Jogos<\/p>\n\n\n\n<figure class=\"wp-block-image size-large is-resized\"><a href=\"https:\/\/repositorio.canalciencia.ibict.br\/s\/repo-cc\/page\/jogos\" target=\"_blank\" rel=\" noreferrer noopener\"><img decoding=\"async\" src=\"https:\/\/repositorio.canalciencia.ibict.br\/files\/medium\/3d934be20805cd31d49922558faf2cf7453a5a02.jpg\" alt=\"\" style=\"width:301px;height:auto\"\/><\/a><\/figure>\n<\/div><\/div>\n\n\n\n<div class=\"wp-block-cover is-light\"><span aria-hidden=\"true\" class=\"wp-block-cover__background has-background-dim\" style=\"background-color:#FFF\"><\/span><div class=\"wp-block-cover__inner-container is-layout-flow wp-block-cover-is-layout-flow\">\n<p class=\"has-text-align-center has-large-font-size\">V\u00eddeos<\/p>\n\n\n\n<figure class=\"wp-block-image size-large is-resized\"><a href=\"https:\/\/repositorio.canalciencia.ibict.br\/s\/repo-cc\/page\/videos\" target=\"_blank\" rel=\" noreferrer noopener\"><img decoding=\"async\" src=\"https:\/\/repositorio.canalciencia.ibict.br\/application\/asset\/thumbnails\/video.png\" alt=\"\" style=\"width:301px;height:auto\"\/><\/a><\/figure>\n<\/div><\/div>\n\n\n\n<div class=\"wp-block-cover is-light\"><span aria-hidden=\"true\" class=\"wp-block-cover__background has-background-dim\" style=\"background-color:#FFF\"><\/span><div class=\"wp-block-cover__inner-container is-layout-flow wp-block-cover-is-layout-flow\">\n<p class=\"has-text-align-center has-large-font-size\">\u00c1udios<\/p>\n\n\n\n<figure class=\"wp-block-image size-large is-resized\"><a href=\"https:\/\/repositorio.canalciencia.ibict.br\/s\/repo-cc\/page\/audios\" target=\"_blank\" rel=\" noreferrer noopener\"><img decoding=\"async\" src=\"https:\/\/repositorio.canalciencia.ibict.br\/application\/asset\/thumbnails\/audio.png\" alt=\"\" style=\"width:301px;height:auto\"\/><\/a><\/figure>\n<\/div><\/div>\n\n\n\n<figure class=\"wp-block-video\"><video src=\"https:\/\/canalciencia.ibict.br\/jogos\/minijogos-yellow\/mini-jogos-develop\/build\/index.html?id=30463\"><\/video><\/figure>\n<\/div>\n\n\n\n<div class=\"wp-block-group alignwide is-content-justification-right is-layout-flex wp-container-core-group-is-layout-0c0c9e10 wp-block-group-is-layout-flex\">\n<h2 class=\"wp-block-heading alignwide has-text-align-right is-style-text-subtitle has-x-large-font-size is-style-text-subtitle--5\">Artes Digitais<\/h2>\n<\/div>\n\n\n\n<div class=\"wp-block-group alignwide is-layout-grid wp-container-core-group-is-layout-1ce758a5 wp-block-group-is-layout-grid\">\n<div class=\"wp-block-cover is-light\" style=\"min-height:253px;aspect-ratio:unset;\"><span aria-hidden=\"true\" class=\"wp-block-cover__background has-background-dim\" style=\"background-color:#FFF\"><\/span><div class=\"wp-block-cover__inner-container is-layout-flow wp-block-cover-is-layout-flow\">\n<p class=\"has-text-align-center is-style-text-display has-large-font-size is-style-text-display--6\"><a href=\"https:\/\/ecofaces.ibict.br\/\" target=\"_blank\" rel=\"noreferrer noopener\">Ecofaces<\/a><\/p>\n\n\n\n<p class=\"has-text-align-center is-style-text-subtitle has-medium-font-size is-style-text-subtitle--7\">Encontre o cientista brasileiro not\u00e1vel mais parecido com voc\u00ea.<\/p>\n\n\n\n<figure class=\"wp-block-image size-large\"><img decoding=\"async\" src=\"https:\/\/ecofaces.ibict.br\/static\/background.png\" alt=\"\"\/><\/figure>\n\n\n\n<p class=\"has-text-align-center is-style-text-display has-large-font-size is-style-text-display--8\"><a href=\"https:\/\/ecofaces.ibict.br\/static\/export\/index.html?notavel=Newton%20Freire-Maia.jpg\" target=\"_blank\" rel=\"noreferrer noopener\">Mundo Virtual Ecofaces <\/a><\/p>\n\n\n\n<p class=\"has-text-align-center is-style-text-subtitle has-medium-font-size is-style-text-subtitle--9\">Navegue pelo mundo virtual onde est\u00e3o os cientistas e seus s\u00f3sias.<\/p>\n<\/div><\/div>\n\n\n\n<div class=\"wp-block-cover is-light\"><span aria-hidden=\"true\" class=\"wp-block-cover__background has-background-dim\" style=\"background-color:#FFF\"><\/span><div class=\"wp-block-cover__inner-container is-layout-flow wp-block-cover-is-layout-flow\">\n<p class=\"has-text-align-center has-large-font-size\"><a href=\"https:\/\/canalciencia.ibict.br\/umcientista\/index.html\" target=\"_blank\" rel=\"noreferrer noopener\">Um Cientista<\/a><\/p>\n\n\n\n<p class=\"has-text-align-center is-style-text-subtitle has-medium-font-size is-style-text-subtitle--10\">Um cientista emerge a partir da imagem do usu\u00e1rio.<\/p>\n<\/div><\/div>\n\n\n\n<figure class=\"wp-block-video\"><video src=\"https:\/\/canalciencia.ibict.br\/jogos\/minijogos-yellow\/mini-jogos-develop\/build\/index.html?id=30463\"><\/video><\/figure>\n<\/div>\n<\/div>\n\n\n\n<aside class=\"wp-block-group alignfull is-style-section-5 has-background has-global-padding is-layout-constrained wp-container-core-group-is-layout-f0f2a97b wp-block-group-is-layout-constrained is-style-section-5--11\" style=\"background-color:#007cba;margin-top:0;margin-bottom:0;padding-top:var(--wp--preset--spacing--50);padding-right:var(--wp--preset--spacing--50);padding-bottom:var(--wp--preset--spacing--50);padding-left:var(--wp--preset--spacing--50)\">\n<div class=\"wp-block-group is-vertical is-content-justification-center is-layout-flex wp-container-core-group-is-layout-8778ca4a wp-block-group-is-layout-flex\" style=\"min-height:360px;margin-top:0;margin-bottom:0\">\n<h2 class=\"wp-block-heading has-text-align-center has-xx-large-font-size\">Entre em contato<\/h2>\n\n\n\n<p class=\"has-text-align-center is-style-text-subtitle is-style-text-subtitle--12\">O Medialab faz parte da  Plataforma Nacional<br>de Infraestrutura de Pesquisa MCTI e permite o compartilhamento de seus equipamentos<\/p>\n\n\n\n<p class=\"has-text-align-center is-style-text-subtitle is-style-text-subtitle--13\"><\/p>\n\n\n\n<div style=\"height:0px\" aria-hidden=\"true\" class=\"wp-block-spacer wp-container-content-62aae154\"><\/div>\n\n\n\n<div class=\"wp-block-buttons is-content-justification-center is-layout-flex wp-container-core-buttons-is-layout-a89b3969 wp-block-buttons-is-layout-flex\">\n<div class=\"wp-block-button\"><a class=\"wp-block-button__link has-text-align-center wp-element-button\" href=\"https:\/\/pnipe.mcti.gov.br\/back-office\/new-request-sharing\/lab\/11416\" target=\"_blank\" rel=\"noreferrer noopener\">Solicitar<\/a><\/div>\n<\/div>\n<\/div>\n<\/aside>\n\n\n\n<p><\/p>\n","protected":false},"excerpt":{"rendered":"<p>Laborat\u00f3rio de M\u00eddias para Divulga\u00e7\u00e3o Cient\u00edficas Apoio ao Canal Ci\u00eancia na populariza\u00e7\u00e3o da ci\u00eancia Sobre o Medialab O Medialab\/Ibict faz parte do grupo de pesquisa &#8220;N\u00facleo de Estudos em Divulga\u00e7\u00e3o Cient\u00edfica do Canal Ci\u00eancia&#8221; e tem apoiado a pesquisa e desenvolvimento de processos e conte\u00fados para populariza\u00e7\u00e3o da ci\u00eancia com foco no uso de recursos [&hellip;]<\/p>\n","protected":false},"author":1,"featured_media":0,"parent":0,"menu_order":0,"comment_status":"closed","ping_status":"closed","template":"","meta":{"footnotes":""},"class_list":["post-6","page","type-page","status-publish","hentry"],"_links":{"self":[{"href":"https:\/\/medialab.ibict.br\/index.php\/wp-json\/wp\/v2\/pages\/6","targetHints":{"allow":["GET"]}}],"collection":[{"href":"https:\/\/medialab.ibict.br\/index.php\/wp-json\/wp\/v2\/pages"}],"about":[{"href":"https:\/\/medialab.ibict.br\/index.php\/wp-json\/wp\/v2\/types\/page"}],"author":[{"embeddable":true,"href":"https:\/\/medialab.ibict.br\/index.php\/wp-json\/wp\/v2\/users\/1"}],"replies":[{"embeddable":true,"href":"https:\/\/medialab.ibict.br\/index.php\/wp-json\/wp\/v2\/comments?post=6"}],"version-history":[{"count":41,"href":"https:\/\/medialab.ibict.br\/index.php\/wp-json\/wp\/v2\/pages\/6\/revisions"}],"predecessor-version":[{"id":67,"href":"https:\/\/medialab.ibict.br\/index.php\/wp-json\/wp\/v2\/pages\/6\/revisions\/67"}],"wp:attachment":[{"href":"https:\/\/medialab.ibict.br\/index.php\/wp-json\/wp\/v2\/media?parent=6"}],"curies":[{"name":"wp","href":"https:\/\/api.w.org\/{rel}","templated":true}]}}